{"id":54,"date":"2020-08-11T17:52:04","date_gmt":"2020-08-11T15:52:04","guid":{"rendered":"https:\/\/www.pekoservis.sk\/nove\/?page_id=54"},"modified":"2022-05-24T07:22:12","modified_gmt":"2022-05-24T05:22:12","slug":"zverejnovanie","status":"publish","type":"page","link":"https:\/\/www.pekoservis.sk\/?page_id=54","title":{"rendered":"V\u00fdzvy"},"content":{"rendered":"\n<p>Dokumenty k v\u00fdzvam:<\/p>\n\n\n\n<p><\/p>\n\n\n\n<div class=\"wp-block-group\"><div class=\"wp-block-group__inner-container is-layout-flow wp-block-group-is-layout-flow\"><\/div><\/div>\n\n\n\n<p><\/p>\n\n\n\n<p><\/p>\n\n\n\n<p><\/p>\n\n\n\n<p><\/p>\n\n\n\n<p><\/p>\n\n\n\n<p><\/p>\n\n\n\n<div class=\"wp-block-file\"><a id=\"wp-block-file--media-2c29ac46-e40d-486d-ad75-6aafbf66539f\" href=\"https:\/\/www.pekoservis.sk\/wp-content\/uploads\/2022\/02\/Vyzva-na-predkladanie-ponuk-PEKO-web.pdf\">V\u00fdzva na predkladanie pon\u00fak               <\/a><\/div>\n\n\n\n<div class=\"wp-block-file\"><a id=\"wp-block-file--media-193a9cd8-5600-43fc-b3b0-1545a44c3065\" href=\"https:\/\/www.pekoservis.sk\/wp-content\/uploads\/2020\/08\/Priloha-c.-1-Formular-CP-PEKO.doc\">Pr\u00edloha \u010d.1 &#8211; Formul\u00e1r CP                         <\/a><\/div>\n\n\n\n<div class=\"wp-block-file\"><a id=\"wp-block-file--media-eb92bb71-9277-4573-8425-8d9ed0e5a417\" href=\"https:\/\/www.pekoservis.sk\/wp-content\/uploads\/2020\/08\/Priloha-c.-2-Vykaz-vymer-SO-01-PEKO-1.xlsx\">Pr\u00edloha \u010d.2 &#8211; V\u00fdkaz v\u00fdmer -SO-01           <\/a><\/div>\n\n\n\n<div class=\"wp-block-file\"><a id=\"wp-block-file--media-19fd0887-c26e-4958-98ae-50f05ffffb8c\" href=\"https:\/\/www.pekoservis.sk\/wp-content\/uploads\/2020\/08\/Priloha-c.-3-PD-I.-1-1.7z\">Pr\u00edloha \u010d.3 &#8211; PD-I.                                       <\/a><\/div>\n\n\n\n<div class=\"wp-block-file\"><a id=\"wp-block-file--media-56d94757-f113-42ff-8693-439b37dc4af1\" href=\"https:\/\/www.pekoservis.sk\/wp-content\/uploads\/2020\/08\/Priloha-c.-3-PD-II.-1.7z\">Pr\u00edloha \u010d.3 &#8211; PD-II.                                      <\/a><\/div>\n\n\n\n<div class=\"wp-block-file\"><a id=\"wp-block-file--media-12e0737d-d230-4824-b634-f2134451f4be\" href=\"https:\/\/www.pekoservis.sk\/wp-content\/uploads\/2022\/02\/Priloha-c.-4-navrh-zmluvy-o-dielo-PEKO.pdf\">Pr\u00edloha \u010d.4 &#8211; N\u00e1vrh zmluvy o dielo          <\/a><\/div>\n\n\n\n<div class=\"wp-block-file\"><a id=\"wp-block-file--media-54a37f3c-8682-4aef-9688-4d0795ef2b78\" href=\"https:\/\/www.pekoservis.sk\/wp-content\/uploads\/2022\/05\/5-Zaznam-z-vyhodnotenia-Peko-2.pdf\">Pr\u00edloha \u010d.5 &#8211; Z\u00e1znam z prieskumu trhu<\/a><a href=\"https:\/\/www.pekoservis.sk\/wp-content\/uploads\/2022\/05\/5-Zaznam-z-vyhodnotenia-Peko-2.pdf\" class=\"wp-block-file__button\" download aria-describedby=\"wp-block-file--media-54a37f3c-8682-4aef-9688-4d0795ef2b78\">Stiahnu\u0165<\/a><\/div>\n\n\n\n<div class=\"wp-block-file\"><a id=\"wp-block-file--media-db3858c1-427b-479d-b76d-341bec31cfe4\" href=\"https:\/\/www.pekoservis.sk\/wp-content\/uploads\/2022\/02\/Zmluva-o-dielo.pdf\">Zmluva o dielo                                            <\/a><\/div>\n\n\n\n<p><\/p>\n","protected":false},"excerpt":{"rendered":"<p>Dokumenty k v\u00fdzvam:<\/p>\n","protected":false},"author":1,"featured_media":0,"parent":0,"menu_order":0,"comment_status":"closed","ping_status":"closed","template":"page-templates\/full-width.php","meta":{"om_disable_all_campaigns":false,"_monsterinsights_skip_tracking":false,"_monsterinsights_sitenote_active":false,"_monsterinsights_sitenote_note":"","_monsterinsights_sitenote_category":0,"_uf_show_specific_survey":0,"_uf_disable_surveys":false,"footnotes":""},"class_list":["post-54","page","type-page","status-publish","hentry"],"_links":{"self":[{"href":"https:\/\/www.pekoservis.sk\/index.php?rest_route=\/wp\/v2\/pages\/54","targetHints":{"allow":["GET"]}}],"collection":[{"href":"https:\/\/www.pekoservis.sk\/index.php?rest_route=\/wp\/v2\/pages"}],"about":[{"href":"https:\/\/www.pekoservis.sk\/index.php?rest_route=\/wp\/v2\/types\/page"}],"author":[{"embeddable":true,"href":"https:\/\/www.pekoservis.sk\/index.php?rest_route=\/wp\/v2\/users\/1"}],"replies":[{"embeddable":true,"href":"https:\/\/www.pekoservis.sk\/index.php?rest_route=%2Fwp%2Fv2%2Fcomments&post=54"}],"version-history":[{"count":7,"href":"https:\/\/www.pekoservis.sk\/index.php?rest_route=\/wp\/v2\/pages\/54\/revisions"}],"predecessor-version":[{"id":307,"href":"https:\/\/www.pekoservis.sk\/index.php?rest_route=\/wp\/v2\/pages\/54\/revisions\/307"}],"wp:attachment":[{"href":"https:\/\/www.pekoservis.sk\/index.php?rest_route=%2Fwp%2Fv2%2Fmedia&parent=54"}],"curies":[{"name":"wp","href":"https:\/\/api.w.org\/{rel}","templated":true}]}}