{"id":32,"date":"2020-08-11T17:29:09","date_gmt":"2020-08-11T15:29:09","guid":{"rendered":"https:\/\/www.pekoservis.sk\/nove\/?page_id=32"},"modified":"2020-08-14T17:05:23","modified_gmt":"2020-08-14T15:05:23","slug":"o-nas","status":"publish","type":"page","link":"https:\/\/www.pekoservis.sk\/?page_id=32","title":{"rendered":"O n\u00e1s"},"content":{"rendered":"\n<p>Na\u0161a firma je tu pre V\u00e1s u\u017e od roku 2009. Po\u010das n\u00e1\u0161ho p\u00f4sobenia sme nabrali bohat\u00e9 sk\u00fasenosti. Ich v\u00fdsledkom s\u00fa spokojn\u00ed z\u00e1kazn\u00edci, ktor\u00fdch sme si z\u00edskali odborn\u00fdm pr\u00edstupom a poskytovan\u00edm slu\u017eieb na profesion\u00e1lnej \u00farovni. Firma PEKO &#8211; Servis sa zaober\u00e1 poskytovan\u00edm slu\u017eieb pneuservisu, autoservisu, pr\u00edpravou vozidiel na STK, po\u017ei\u010diavanie pr\u00edvesn\u00fdch voz\u00edkov. Svoje slu\u017eby sme roz\u0161\u00edrili i o predaj pneumat\u00edk, n\u00e1hradn\u00fdch dielov, autopr\u00edslu\u0161enstvo a doplnky. Na\u0161e slu\u017eby V\u00e1m poskytujeme s cie\u013eom maxim\u00e1lne spokojnosti smerovanej k z\u00e1kazn\u00edkovi. Svojim z\u00e1kazn\u00edkom pon\u00fakame odborn\u00e9 poradenstvo, flexibiln\u00fa realiz\u00e1ciu ich po\u017eiadaviek, r\u00fdchle dodanie tovaru a neust\u00e1le rast\u00faci sortiment slu\u017eieb za dostupn\u00e9 ceny.<\/p>\n\n\n\n<p>V pr\u00edpade potreby V\u00e1m zabezpe\u010d\u00edme n\u00e1hradn\u00e9 vozidlo.<\/p>\n","protected":false},"excerpt":{"rendered":"<p>Na\u0161a firma je tu pre V\u00e1s u\u017e od roku 2009. Po\u010das n\u00e1\u0161ho p\u00f4sobenia sme nabrali bohat\u00e9 sk\u00fasenosti. Ich v\u00fdsledkom s\u00fa spokojn\u00ed z\u00e1kazn\u00edci, ktor\u00fdch sme si z\u00edskali odborn\u00fdm pr\u00edstupom a poskytovan\u00edm slu\u017eieb na profesion\u00e1lnej \u00farovni. Firma PEKO &#8211; Servis sa zaober\u00e1 poskytovan\u00edm slu\u017eieb pneuservisu, autoservisu, pr\u00edpravou vozidiel na STK, po\u017ei\u010diavanie pr\u00edvesn\u00fdch voz\u00edkov. Svoje slu\u017eby sme roz\u0161\u00edrili [&hellip;]<\/p>\n","protected":false},"author":1,"featured_media":33,"parent":0,"menu_order":0,"comment_status":"closed","ping_status":"closed","template":"page-templates\/full-width.php","meta":{"om_disable_all_campaigns":false,"_monsterinsights_skip_tracking":false,"_monsterinsights_sitenote_active":false,"_monsterinsights_sitenote_note":"","_monsterinsights_sitenote_category":0,"_uf_show_specific_survey":0,"_uf_disable_surveys":false,"footnotes":""},"class_list":["post-32","page","type-page","status-publish","has-post-thumbnail","hentry"],"_links":{"self":[{"href":"https:\/\/www.pekoservis.sk\/index.php?rest_route=\/wp\/v2\/pages\/32","targetHints":{"allow":["GET"]}}],"collection":[{"href":"https:\/\/www.pekoservis.sk\/index.php?rest_route=\/wp\/v2\/pages"}],"about":[{"href":"https:\/\/www.pekoservis.sk\/index.php?rest_route=\/wp\/v2\/types\/page"}],"author":[{"embeddable":true,"href":"https:\/\/www.pekoservis.sk\/index.php?rest_route=\/wp\/v2\/users\/1"}],"replies":[{"embeddable":true,"href":"https:\/\/www.pekoservis.sk\/index.php?rest_route=%2Fwp%2Fv2%2Fcomments&post=32"}],"version-history":[{"count":5,"href":"https:\/\/www.pekoservis.sk\/index.php?rest_route=\/wp\/v2\/pages\/32\/revisions"}],"predecessor-version":[{"id":153,"href":"https:\/\/www.pekoservis.sk\/index.php?rest_route=\/wp\/v2\/pages\/32\/revisions\/153"}],"wp:featuredmedia":[{"embeddable":true,"href":"https:\/\/www.pekoservis.sk\/index.php?rest_route=\/wp\/v2\/media\/33"}],"wp:attachment":[{"href":"https:\/\/www.pekoservis.sk\/index.php?rest_route=%2Fwp%2Fv2%2Fmedia&parent=32"}],"curies":[{"name":"wp","href":"https:\/\/api.w.org\/{rel}","templated":true}]}}