{"id":28,"date":"2020-08-11T17:25:31","date_gmt":"2020-08-11T15:25:31","guid":{"rendered":"https:\/\/www.pekoservis.sk\/nove\/?page_id=28"},"modified":"2024-04-25T08:22:08","modified_gmt":"2024-04-25T06:22:08","slug":"ponuka","status":"publish","type":"page","link":"https:\/\/www.pekoservis.sk\/?page_id=28","title":{"rendered":"Ponuka"},"content":{"rendered":"\n<div class=\"wp-block-group\"><div class=\"wp-block-group__inner-container is-layout-flow wp-block-group-is-layout-flow\">\n<div class=\"wp-block-group\"><div class=\"wp-block-group__inner-container is-layout-flow wp-block-group-is-layout-flow\">\n<div class=\"wp-block-group\"><div class=\"wp-block-group__inner-container is-layout-flow wp-block-group-is-layout-flow\">\n<ul class=\"wp-block-list\">\n<li>Profesion\u00e1lne \u010distenie DPF filtrov <mark style=\"background-color:rgba(0, 0, 0, 0);color:#fc1608\" class=\"has-inline-color\"><strong>*** NOVINKA ***<\/strong><\/mark><\/li>\n\n\n\n<li>in\u0161pek\u010dn\u00e9 a sez\u00f3nne prehliadky<\/li>\n\n\n\n<li>Opravy vozidiel v\u0161etk\u00fdch zna\u010diek<\/li>\n\n\n\n<li>Kompletn\u00fd servis firemn\u00fdch vozidiel<\/li>\n\n\n\n<li>V\u00fdmeny olejov, filtrov<\/li>\n\n\n\n<li>Mechanick\u00e9 opravy<\/li>\n\n\n\n<li>Mechanick\u00e9 opravy podvozku<\/li>\n\n\n\n<li>Mechanick\u00e9 opravy motora<\/li>\n\n\n\n<li>Brzdy, spojky, v\u00fdfuky<\/li>\n\n\n\n<li>Tlmi\u010de, podvozky, riadenie<\/li>\n\n\n\n<li>Klimatiz\u00e1cie<\/li>\n\n\n\n<li>Autobat\u00e9rie<\/li>\n\n\n\n<li>Autoskl\u00e1 <\/li>\n\n\n\n<li>STK \u2013 za klienta<\/li>\n\n\n\n<li>Diagnostika motora<\/li>\n\n\n\n<li>Pneuservis \/ aj 18\u201c 19\u201c 20\u201c<\/li>\n\n\n\n<li>Pneumatiky a disky &#8211; predaj<\/li>\n\n\n\n<li>Hlin\u00edkov\u00e9 a oce\u013eov\u00e9 disky &#8211; predaj<\/li>\n\n\n\n<li>Opravy po hav\u00e1rii<\/li>\n\n\n\n<li>Predaj n\u00e1hradn\u00fdch dielov<\/li>\n\n\n\n<li>Predaj autopr\u00edslu\u0161enstva a doplnkov<\/li>\n\n\n\n<li>Elektroin\u0161tal\u00e1cia- opravy<\/li>\n<\/ul>\n<\/div><\/div>\n<\/div><\/div>\n<\/div><\/div>\n\n\n\n<p>Na\u0161a spolo\u010dnos\u0165 zabezpe\u010duje bezplatn\u00fd sp\u00e4tn\u00fd zber opotrebovan\u00fdch akumul\u00e1torov (autobat\u00e9ri\u00ed) <strong>od kone\u010dn\u00fdch pou\u017e\u00edvate\u013eov<\/strong> na z\u00e1klade \u00a7 48 z\u00e1kona \u010d.79\/2015 Z.z..<\/p>\n\n\n\n<p>Na\u0161a spolo\u010dnos\u0165 zabezpe\u010duje bezplatn\u00fd sp\u00e4tn\u00fd zber opotrebovan\u00fdch pneumat\u00edk <strong>od kone\u010dn\u00fdch pou\u017e\u00edvate\u013eov<\/strong> na z\u00e1klade \u00a7 71 z\u00e1kona \u010d.79\/2015 Z.z..<\/p>\n","protected":false},"excerpt":{"rendered":"<p>Na\u0161a spolo\u010dnos\u0165 zabezpe\u010duje bezplatn\u00fd sp\u00e4tn\u00fd zber opotrebovan\u00fdch akumul\u00e1torov (autobat\u00e9ri\u00ed) od kone\u010dn\u00fdch pou\u017e\u00edvate\u013eov na z\u00e1klade \u00a7 48 z\u00e1kona \u010d.79\/2015 Z.z.. Na\u0161a spolo\u010dnos\u0165 zabezpe\u010duje bezplatn\u00fd sp\u00e4tn\u00fd zber opotrebovan\u00fdch pneumat\u00edk od kone\u010dn\u00fdch pou\u017e\u00edvate\u013eov na z\u00e1klade \u00a7 71 z\u00e1kona \u010d.79\/2015 Z.z..<\/p>\n","protected":false},"author":1,"featured_media":0,"parent":0,"menu_order":0,"comment_status":"closed","ping_status":"closed","template":"page-templates\/full-width.php","meta":{"om_disable_all_campaigns":false,"_monsterinsights_skip_tracking":false,"_monsterinsights_sitenote_active":false,"_monsterinsights_sitenote_note":"","_monsterinsights_sitenote_category":0,"_uf_show_specific_survey":0,"_uf_disable_surveys":false,"footnotes":""},"class_list":["post-28","page","type-page","status-publish","hentry"],"_links":{"self":[{"href":"https:\/\/www.pekoservis.sk\/index.php?rest_route=\/wp\/v2\/pages\/28","targetHints":{"allow":["GET"]}}],"collection":[{"href":"https:\/\/www.pekoservis.sk\/index.php?rest_route=\/wp\/v2\/pages"}],"about":[{"href":"https:\/\/www.pekoservis.sk\/index.php?rest_route=\/wp\/v2\/types\/page"}],"author":[{"embeddable":true,"href":"https:\/\/www.pekoservis.sk\/index.php?rest_route=\/wp\/v2\/users\/1"}],"replies":[{"embeddable":true,"href":"https:\/\/www.pekoservis.sk\/index.php?rest_route=%2Fwp%2Fv2%2Fcomments&post=28"}],"version-history":[{"count":5,"href":"https:\/\/www.pekoservis.sk\/index.php?rest_route=\/wp\/v2\/pages\/28\/revisions"}],"predecessor-version":[{"id":470,"href":"https:\/\/www.pekoservis.sk\/index.php?rest_route=\/wp\/v2\/pages\/28\/revisions\/470"}],"wp:attachment":[{"href":"https:\/\/www.pekoservis.sk\/index.php?rest_route=%2Fwp%2Fv2%2Fmedia&parent=28"}],"curies":[{"name":"wp","href":"https:\/\/api.w.org\/{rel}","templated":true}]}}