{"id":263,"date":"2021-12-02T15:48:51","date_gmt":"2021-12-02T14:48:51","guid":{"rendered":"https:\/\/www.pekoservis.sk\/?page_id=263"},"modified":"2021-12-02T16:15:41","modified_gmt":"2021-12-02T15:15:41","slug":"eu-podpora","status":"publish","type":"page","link":"https:\/\/www.pekoservis.sk\/?page_id=263","title":{"rendered":"E\u00da Podpora"},"content":{"rendered":"\n<p>Na\u0161a spolo\u010dnos\u0165 realizuje projekt <strong>Pr\u00edstavba autoservisu<\/strong> (k\u00f3d projektu: IROP-CLLD-P782-511-003-002) podporen\u00e9ho z&nbsp;Integrovan\u00e9ho region\u00e1lneho opera\u010dn\u00e9ho programu 2014 \u2013 2020.<\/p>\n\n\n\n<p>Hlavn\u00fdm cie\u013eom projektu je pr\u00edstavba autoservisu za \u00fa\u010delom skvalitnenia a roz\u0161\u00edrenia portf\u00f3lia slu\u017eieb podnikate\u013esk\u00e9ho subjektu Peter Kon\u00ed\u010dek &#8211; PEKO servis. Projekt je svojim charakterom inovat\u00edvny, p\u00f4jde o roz\u0161\u00edrenie ponuky slu\u017eieb v r\u00e1mci \u00fazemia MAS Vr\u0161atec \u2013 nov\u00e9 slu\u017eby pre trh aj pre firmu. Hlavn\u00fdm cie\u013eom projektu je zv\u00fd\u0161enie zamestnanosti prostredn\u00edctvom podpory podnikania \u017eiadate\u013ea. \u0160pecifick\u00fdm cie\u013eom projektu je uspokojenie zvy\u0161uj\u00faceho sa dopytu z\u00e1kazn\u00edkov po oprave a servise automobilov. V\u00fd\u0161ka podpory:<strong>&nbsp; 85&nbsp;634,42 \u20ac<\/strong><\/p>\n\n\n\n<figure class=\"wp-block-image size-large\"><a href=\"https:\/\/www.pekoservis.sk\/wp-content\/uploads\/2021\/12\/EU_EFRZ_plagat_1.jpg\"><img loading=\"lazy\" decoding=\"async\" width=\"1024\" height=\"724\" src=\"https:\/\/www.pekoservis.sk\/wp-content\/uploads\/2021\/12\/EU_EFRZ_plagat_1-1024x724.jpg\" alt=\"\" class=\"wp-image-274\" srcset=\"https:\/\/www.pekoservis.sk\/wp-content\/uploads\/2021\/12\/EU_EFRZ_plagat_1-1024x724.jpg 1024w, https:\/\/www.pekoservis.sk\/wp-content\/uploads\/2021\/12\/EU_EFRZ_plagat_1-300x212.jpg 300w, https:\/\/www.pekoservis.sk\/wp-content\/uploads\/2021\/12\/EU_EFRZ_plagat_1-768x543.jpg 768w, https:\/\/www.pekoservis.sk\/wp-content\/uploads\/2021\/12\/EU_EFRZ_plagat_1-1536x1086.jpg 1536w, https:\/\/www.pekoservis.sk\/wp-content\/uploads\/2021\/12\/EU_EFRZ_plagat_1-1x1.jpg 1w, https:\/\/www.pekoservis.sk\/wp-content\/uploads\/2021\/12\/EU_EFRZ_plagat_1.jpg 1588w\" sizes=\"auto, (max-width: 1024px) 100vw, 1024px\" \/><\/a><\/figure>\n","protected":false},"excerpt":{"rendered":"<p>Na\u0161a spolo\u010dnos\u0165 realizuje projekt Pr\u00edstavba autoservisu (k\u00f3d projektu: IROP-CLLD-P782-511-003-002) podporen\u00e9ho z&nbsp;Integrovan\u00e9ho region\u00e1lneho opera\u010dn\u00e9ho programu 2014 \u2013 2020. Hlavn\u00fdm cie\u013eom projektu je pr\u00edstavba autoservisu za \u00fa\u010delom skvalitnenia a roz\u0161\u00edrenia portf\u00f3lia slu\u017eieb podnikate\u013esk\u00e9ho subjektu Peter Kon\u00ed\u010dek &#8211; PEKO servis. Projekt je svojim charakterom inovat\u00edvny, p\u00f4jde o roz\u0161\u00edrenie ponuky slu\u017eieb v r\u00e1mci \u00fazemia MAS Vr\u0161atec \u2013 nov\u00e9 slu\u017eby [&hellip;]<\/p>\n","protected":false},"author":1,"featured_media":265,"parent":0,"menu_order":0,"comment_status":"closed","ping_status":"closed","template":"","meta":{"om_disable_all_campaigns":false,"_monsterinsights_skip_tracking":false,"_monsterinsights_sitenote_active":false,"_monsterinsights_sitenote_note":"","_monsterinsights_sitenote_category":0,"_uf_show_specific_survey":0,"_uf_disable_surveys":false,"footnotes":""},"class_list":["post-263","page","type-page","status-publish","has-post-thumbnail","hentry"],"_links":{"self":[{"href":"https:\/\/www.pekoservis.sk\/index.php?rest_route=\/wp\/v2\/pages\/263","targetHints":{"allow":["GET"]}}],"collection":[{"href":"https:\/\/www.pekoservis.sk\/index.php?rest_route=\/wp\/v2\/pages"}],"about":[{"href":"https:\/\/www.pekoservis.sk\/index.php?rest_route=\/wp\/v2\/types\/page"}],"author":[{"embeddable":true,"href":"https:\/\/www.pekoservis.sk\/index.php?rest_route=\/wp\/v2\/users\/1"}],"replies":[{"embeddable":true,"href":"https:\/\/www.pekoservis.sk\/index.php?rest_route=%2Fwp%2Fv2%2Fcomments&post=263"}],"version-history":[{"count":5,"href":"https:\/\/www.pekoservis.sk\/index.php?rest_route=\/wp\/v2\/pages\/263\/revisions"}],"predecessor-version":[{"id":276,"href":"https:\/\/www.pekoservis.sk\/index.php?rest_route=\/wp\/v2\/pages\/263\/revisions\/276"}],"wp:featuredmedia":[{"embeddable":true,"href":"https:\/\/www.pekoservis.sk\/index.php?rest_route=\/wp\/v2\/media\/265"}],"wp:attachment":[{"href":"https:\/\/www.pekoservis.sk\/index.php?rest_route=%2Fwp%2Fv2%2Fmedia&parent=263"}],"curies":[{"name":"wp","href":"https:\/\/api.w.org\/{rel}","templated":true}]}}